{"id":170,"date":"2018-06-11T07:42:47","date_gmt":"2018-06-11T07:42:47","guid":{"rendered":"http:\/\/www.beate-winter.de\/wordpress\/?page_id=170"},"modified":"2018-12-14T11:06:33","modified_gmt":"2018-12-14T11:06:33","slug":"datenschutz","status":"publish","type":"page","link":"https:\/\/www.beate-winter.de\/wordpress\/?page_id=170","title":{"rendered":"Datenschutz"},"content":{"rendered":"<p>Auf dieser Website erheben, nutzen und verwalten wir Ihre personenbezogenen Daten nur dann,<br \/>\nwenn ein berechtigtes Interesse im Rahmen des Betriebs der Website besteht, insbesondere:<br \/>\n\u2022 f\u00fcr die Beantwortung von Anfragen;<\/p>\n<p>Wir bewahren Ihre personenbezogenen Daten grunds\u00e4tzlich so lange auf, wie es f\u00fcr die Zwecke, f\u00fcr die sie gem\u00e4\u00df dieser Datenschutzerkl\u00e4rung erhoben wurden, erforderlich ist. Es kann jedoch vorkommen, dass wir gesetzlich verpflichtet sind, bestimmte Daten \u00fcber einen l\u00e4ngeren Zeitraum zu speichern. In diesem Fall tragen wir daf\u00fcr Sorge, dass Ihre personenbezogenen Daten \u00fcber den gesamten Zeitraum gem\u00e4\u00df dieser Datenschutzerkl\u00e4rung behandelt werden.<\/p>\n<p>Wenn Sie<br \/>\n\u2022 Ihre personenbezogenen Daten ansehen, best\u00e4tigen, anonymisieren oder l\u00f6schen m\u00f6chten;<br \/>\n\u2022 der Nutzung Ihrer personenbezogenen Daten durch uns widersprechen m\u00f6chten;<br \/>\n\u2022 Fragen zur Verarbeitung Ihrer personenbezogenen Daten haben; oder<br \/>\n\u2022 Ihre personenbezogenen Daten von uns an eine weitere Person oder ein weiteres Unternehmen weitergeben lassen m\u00f6chten, nehmen Sie bitte mit uns Kontakt auf.<\/p>\n<p>Wir r\u00e4umen Ihnen in Bezug auf Ihre personenbezogenen Daten alle Rechte ein, auf die Sie nach geltendem Recht Anspruch haben. Bei Beanstandungen zum Umgang mit Ihren personenbezogenen Daten k\u00f6nnen Sie sich an die zust\u00e4ndige Datenschutzbeh\u00f6rde in Ihrem Land wenden. Die entsprechenden Kontaktdaten sind in der Regel im Internet zu finden. <\/p>\n","protected":false},"excerpt":{"rendered":"<p>Auf dieser Website erheben, nutzen und verwalten wir Ihre personenbezogenen Daten nur dann, wenn ein berechtigtes Interesse im Rahmen des Betriebs der Website besteht, insbesondere: \u2022 f\u00fcr die Beantwortung von Anfragen; Wir bewahren Ihre personenbezogenen Daten grunds\u00e4tzlich so lange auf, wie es f\u00fcr die Zwecke, f\u00fcr die sie gem\u00e4\u00df dieser Datenschutzerkl\u00e4rung erhoben wurden, erforderlich ist. [&hellip;]<\/p>\n","protected":false},"author":1,"featured_media":0,"parent":0,"menu_order":9,"comment_status":"closed","ping_status":"closed","template":"","meta":[],"_links":{"self":[{"href":"https:\/\/www.beate-winter.de\/wordpress\/index.php?rest_route=\/wp\/v2\/pages\/170"}],"collection":[{"href":"https:\/\/www.beate-winter.de\/wordpress\/index.php?rest_route=\/wp\/v2\/pages"}],"about":[{"href":"https:\/\/www.beate-winter.de\/wordpress\/index.php?rest_route=\/wp\/v2\/types\/page"}],"author":[{"embeddable":true,"href":"https:\/\/www.beate-winter.de\/wordpress\/index.php?rest_route=\/wp\/v2\/users\/1"}],"replies":[{"embeddable":true,"href":"https:\/\/www.beate-winter.de\/wordpress\/index.php?rest_route=%2Fwp%2Fv2%2Fcomments&post=170"}],"version-history":[{"count":6,"href":"https:\/\/www.beate-winter.de\/wordpress\/index.php?rest_route=\/wp\/v2\/pages\/170\/revisions"}],"predecessor-version":[{"id":177,"href":"https:\/\/www.beate-winter.de\/wordpress\/index.php?rest_route=\/wp\/v2\/pages\/170\/revisions\/177"}],"wp:attachment":[{"href":"https:\/\/www.beate-winter.de\/wordpress\/index.php?rest_route=%2Fwp%2Fv2%2Fmedia&parent=170"}],"curies":[{"name":"wp","href":"https:\/\/api.w.org\/{rel}","templated":true}]}}