{"id":24,"date":"2012-03-19T16:01:00","date_gmt":"2012-03-19T16:01:00","guid":{"rendered":"http:\/\/www.beate-winter.de\/wordpress\/?page_id=24"},"modified":"2016-02-02T10:41:42","modified_gmt":"2016-02-02T10:41:42","slug":"freunde","status":"publish","type":"page","link":"https:\/\/www.beate-winter.de\/wordpress\/?page_id=24","title":{"rendered":"Freunde"},"content":{"rendered":"<h2>Freunde &amp; Interessantes <\/h2>\n<p><a href=\"http:\/\/www.cila-hakel.de\/\" title=\"Cila: Jazzs\u00e4ngerin, Gesangslehrerin\">Meine Schwester Cila<\/a> ist Jazzs\u00e4ngerin, Komponistin und Gesangslehrerin f\u00fcr Jazz- und Popularmusik und lebt wie ich in M\u00fcnchen.<\/p>\n<p><a href=\"http:\/\/www.hyperskill.de\/html\/kontakt\/Lydia_Karschies.htm\" title=\"Pers\u00f6nlichkeitsberatung\">Pers\u00f6nlichkeitsberatung<\/a> und <a href=\"http:\/\/www.karschies-glasperlen.com\/\" title=\"Lydias Glasperlen\">Glasperlen<\/a> von Lydia Karschies, meiner Freundin und Perlenmacherin. <\/p>\n<p>Ein Musiklehrer-Verzeichnis, bei dem ich auch eingetragen bin, gibt es hier unter <a href=\"http:\/\/www.musiklehrer-fuer-musiklehrer.de\" title=\"Musiklehrer f\u00fcr Musiklehrer\">Musiklehrer f\u00fcr Musiklehrer<\/a>. Interessenten k\u00f6nnen nach Ort (z.B. M\u00fcnchen) und Unterrichtsfach (z.B. Gesang oder Trompete) suchen. <\/p>\n<p>PHP-Programmierung gibt es <a href=\"http:\/\/www.it-beratung-winter.de\" title=\"Web Programmierung\">hier<\/a>.<br \/>\n<br \/>\nMit dem Streichautomat k\u00f6nnen Streichinstrumente ohne die Verwendung eines Bogens gespielt werden. Dadurch erm\u00f6glicht der <a href=\"http:\/\/www.streichautomat.de\/\" title=\"Streichautomat f\u00fcr Behinderte\">Streichautomat auch Behinderten<\/a>  oder Spielern, die wegen einer Krankheit den Bogenarm nicht mehr voll einsetzen k\u00f6nnen, die Benutzung von Streichinstrumenten wie Violine und Kontraba\u00df.<\/p>\n<p><a href=\"http:\/\/www.harfe-unterricht.de\/index,%20harfenunterricht%20ariane%20uibeleisen.html\" title=\"Harfenunterricht\">Professionellen Harfenunterricht <\/a> gibts bei Ariane Uibeleisen aus Neubiberg<\/p>\n","protected":false},"excerpt":{"rendered":"<p>Freunde &amp; Interessantes Meine Schwester Cila ist Jazzs\u00e4ngerin, Komponistin und Gesangslehrerin f\u00fcr Jazz- und Popularmusik und lebt wie ich in M\u00fcnchen. Pers\u00f6nlichkeitsberatung und Glasperlen von Lydia Karschies, meiner Freundin und Perlenmacherin. Ein Musiklehrer-Verzeichnis, bei dem ich auch eingetragen bin, gibt es hier unter Musiklehrer f\u00fcr Musiklehrer. Interessenten k\u00f6nnen nach Ort (z.B. M\u00fcnchen) und Unterrichtsfach (z.B. [&hellip;]<\/p>\n","protected":false},"author":1,"featured_media":0,"parent":0,"menu_order":5,"comment_status":"open","ping_status":"closed","template":"","meta":[],"_links":{"self":[{"href":"https:\/\/www.beate-winter.de\/wordpress\/index.php?rest_route=\/wp\/v2\/pages\/24"}],"collection":[{"href":"https:\/\/www.beate-winter.de\/wordpress\/index.php?rest_route=\/wp\/v2\/pages"}],"about":[{"href":"https:\/\/www.beate-winter.de\/wordpress\/index.php?rest_route=\/wp\/v2\/types\/page"}],"author":[{"embeddable":true,"href":"https:\/\/www.beate-winter.de\/wordpress\/index.php?rest_route=\/wp\/v2\/users\/1"}],"replies":[{"embeddable":true,"href":"https:\/\/www.beate-winter.de\/wordpress\/index.php?rest_route=%2Fwp%2Fv2%2Fcomments&post=24"}],"version-history":[{"count":13,"href":"https:\/\/www.beate-winter.de\/wordpress\/index.php?rest_route=\/wp\/v2\/pages\/24\/revisions"}],"predecessor-version":[{"id":56,"href":"https:\/\/www.beate-winter.de\/wordpress\/index.php?rest_route=\/wp\/v2\/pages\/24\/revisions\/56"}],"wp:attachment":[{"href":"https:\/\/www.beate-winter.de\/wordpress\/index.php?rest_route=%2Fwp%2Fv2%2Fmedia&parent=24"}],"curies":[{"name":"wp","href":"https:\/\/api.w.org\/{rel}","templated":true}]}}