{"id":27,"date":"2012-03-19T16:03:11","date_gmt":"2012-03-19T16:03:11","guid":{"rendered":"http:\/\/www.beate-winter.de\/wordpress\/?page_id=27"},"modified":"2016-02-20T11:52:41","modified_gmt":"2016-02-20T11:52:41","slug":"impressum","status":"publish","type":"page","link":"https:\/\/www.beate-winter.de\/wordpress\/?page_id=27","title":{"rendered":"Impressum"},"content":{"rendered":"<p>Last updated: 20.02.2016<\/p>\n<p>Inhaltlich verantwortlich: <br \/>\nBeate Winter<br \/>\nNadistr. 28<br \/>\n80809 M\u00fcnchen<br \/>\nTel. 089 99720152<br \/>\nbeate_winter [AT] gmx.de<\/p>\n<p>Technisch verantwortlich: <br \/>\nMartin Winter<br \/>\nNadistr. 28<br \/>\n80809 M\u00fcnchen<br \/>\nTel. 089 99720152<br \/>\nmartin1ws [AT] gmx.de<\/p>\n<p>Haftungshinweis: <br \/>\nTrotz sorgf\u00e4ltiger inhaltlicher Kontrolle \u00fcbernehmen wir keine Haftung f\u00fcr die Inhalte externer Links. F\u00fcr den Inhalt der verlinkten Seiten sind ausschliesslich deren Betreiber verantwortlich.<\/p>\n<p><a href=\"http:\/\/wordpress.org\" title=\"WordPress\"><img decoding=\"async\" src=\"http:\/\/www.beate-winter.de\/html\/powered-by-wp-small.png\" alt=\"Powered by WordPress\"\/><\/a><\/p>\n","protected":false},"excerpt":{"rendered":"<p>Last updated: 20.02.2016 Inhaltlich verantwortlich: Beate Winter Nadistr. 28 80809 M\u00fcnchen Tel. 089 99720152 beate_winter [AT] gmx.de Technisch verantwortlich: Martin Winter Nadistr. 28 80809 M\u00fcnchen Tel. 089 99720152 martin1ws [AT] gmx.de Haftungshinweis: Trotz sorgf\u00e4ltiger inhaltlicher Kontrolle \u00fcbernehmen wir keine Haftung f\u00fcr die Inhalte externer Links. F\u00fcr den Inhalt der verlinkten Seiten sind ausschliesslich deren Betreiber [&hellip;]<\/p>\n","protected":false},"author":1,"featured_media":0,"parent":0,"menu_order":6,"comment_status":"open","ping_status":"closed","template":"","meta":[],"_links":{"self":[{"href":"https:\/\/www.beate-winter.de\/wordpress\/index.php?rest_route=\/wp\/v2\/pages\/27"}],"collection":[{"href":"https:\/\/www.beate-winter.de\/wordpress\/index.php?rest_route=\/wp\/v2\/pages"}],"about":[{"href":"https:\/\/www.beate-winter.de\/wordpress\/index.php?rest_route=\/wp\/v2\/types\/page"}],"author":[{"embeddable":true,"href":"https:\/\/www.beate-winter.de\/wordpress\/index.php?rest_route=\/wp\/v2\/users\/1"}],"replies":[{"embeddable":true,"href":"https:\/\/www.beate-winter.de\/wordpress\/index.php?rest_route=%2Fwp%2Fv2%2Fcomments&post=27"}],"version-history":[{"count":21,"href":"https:\/\/www.beate-winter.de\/wordpress\/index.php?rest_route=\/wp\/v2\/pages\/27\/revisions"}],"predecessor-version":[{"id":169,"href":"https:\/\/www.beate-winter.de\/wordpress\/index.php?rest_route=\/wp\/v2\/pages\/27\/revisions\/169"}],"wp:attachment":[{"href":"https:\/\/www.beate-winter.de\/wordpress\/index.php?rest_route=%2Fwp%2Fv2%2Fmedia&parent=27"}],"curies":[{"name":"wp","href":"https:\/\/api.w.org\/{rel}","templated":true}]}}