{"id":4,"date":"2012-03-19T15:50:27","date_gmt":"2012-03-19T15:50:27","guid":{"rendered":"http:\/\/www.beate-winter.de\/wordpress\/?page_id=4"},"modified":"2015-09-23T19:20:51","modified_gmt":"2015-09-23T19:20:51","slug":"gesangsunterricht-munchen","status":"publish","type":"page","link":"https:\/\/www.beate-winter.de\/wordpress\/","title":{"rendered":"Gesangsunterricht M\u00fcnchen"},"content":{"rendered":"<h2>Gesangsunterricht in M\u00fcnchen<\/h2>\n<p><strong>\u201eSchl\u00e4ft ein Lied in allen Dingen,<br \/>\nDie da tr\u00e4umen fort und fort,<br \/>\nUnd die Welt hebt an zu singen,<br \/>\nTriffst du nur das Zauberwort.\u201c<\/strong><br \/>\nJoseph Freiherr von Eichendorff<\/p>\n<p>&#8222;Jeder Mensch kann singen!&#8220;<br \/>\ndas behaupte ich, seit ich selbst Gesang unterrichte und auch viele Erlebnisse als Lehrerin und S\u00e4ngerin und auch in meinem privaten Umfeld, haben mich in dieser Meinung best\u00e4rkt.<\/p>\n<p>Das erwartet Sie in meinem Unterricht im Gro\u00dfraum M\u00fcnchen&#8230;<br \/>\nGesangsunterricht, also Stimmbildung bedeutet, Ihre eigene Stimme zu bilden:<\/p>\n<ul>\n<li>den Umgang mit Ihrer ureigenen Stimme zu lernen und mehr \u00fcber Ihren K\u00f6rper zu erfahren<\/li>\n<li>Ihre volle Atemkraft ausn\u00fctzen zu k\u00f6nnen<\/li>\n<li>sich wohl und sicher mit der eigenen Stimme f\u00fchlen und sie als Mittel n\u00fctzen, um Gef\u00fchle auszudr\u00fccken<\/li>\n<li>Literatur zu erarbeiten, die Spa\u00df macht (im Chor, als Solist, im Klassik-,Pop- oder Musicalbereich)<\/li>\n<li>Erlernen von Gesangs\u00fcbungen, die es erleichtern alleine zu Hause zu \u00fcben<\/li>\n<\/ul>\n<p>F\u00fcr Fortgeschrittene:<\/p>\n<ul>\n<li>Erkennen und L\u00f6sen von k\u00f6rperlichen Blockaden in Singen und Schauspiel<\/li>\n<li>optimaler Stimmsitz, erreichbar mit K\u00f6rperarbeit, \u00d6ffnen und richtiger Artikulation<\/li>\n<li>Erarbeitung von Literatur des gesamten Klassikbereichs (Oper, Operette, Lied und Oratorium)<\/li>\n<li>Aussch\u00f6pfen der eigenen stimmlichen und darstellerischen M\u00f6glichkeiten<\/li>\n<li>Umgang mit Vorsing- und Auftritts\u00e4ngsten<\/li>\n<\/ul>\n","protected":false},"excerpt":{"rendered":"<p>Gesangsunterricht in M\u00fcnchen \u201eSchl\u00e4ft ein Lied in allen Dingen, Die da tr\u00e4umen fort und fort, Und die Welt hebt an zu singen, Triffst du nur das Zauberwort.\u201c Joseph Freiherr von Eichendorff &#8222;Jeder Mensch kann singen!&#8220; das behaupte ich, seit ich selbst Gesang unterrichte und auch viele Erlebnisse als Lehrerin und S\u00e4ngerin und auch in meinem [&hellip;]<\/p>\n","protected":false},"author":1,"featured_media":0,"parent":0,"menu_order":0,"comment_status":"open","ping_status":"open","template":"page_no_h2_webhits.php","meta":[],"_links":{"self":[{"href":"https:\/\/www.beate-winter.de\/wordpress\/index.php?rest_route=\/wp\/v2\/pages\/4"}],"collection":[{"href":"https:\/\/www.beate-winter.de\/wordpress\/index.php?rest_route=\/wp\/v2\/pages"}],"about":[{"href":"https:\/\/www.beate-winter.de\/wordpress\/index.php?rest_route=\/wp\/v2\/types\/page"}],"author":[{"embeddable":true,"href":"https:\/\/www.beate-winter.de\/wordpress\/index.php?rest_route=\/wp\/v2\/users\/1"}],"replies":[{"embeddable":true,"href":"https:\/\/www.beate-winter.de\/wordpress\/index.php?rest_route=%2Fwp%2Fv2%2Fcomments&post=4"}],"version-history":[{"count":17,"href":"https:\/\/www.beate-winter.de\/wordpress\/index.php?rest_route=\/wp\/v2\/pages\/4\/revisions"}],"predecessor-version":[{"id":61,"href":"https:\/\/www.beate-winter.de\/wordpress\/index.php?rest_route=\/wp\/v2\/pages\/4\/revisions\/61"}],"wp:attachment":[{"href":"https:\/\/www.beate-winter.de\/wordpress\/index.php?rest_route=%2Fwp%2Fv2%2Fmedia&parent=4"}],"curies":[{"name":"wp","href":"https:\/\/api.w.org\/{rel}","templated":true}]}}